{"id":10,"date":"2022-02-21T11:14:15","date_gmt":"2022-02-21T11:14:15","guid":{"rendered":"https:\/\/meblekonin.com\/?page_id=10"},"modified":"2022-02-21T11:27:28","modified_gmt":"2022-02-21T11:27:28","slug":"o-firmie","status":"publish","type":"page","link":"https:\/\/meblekonin.com\/","title":{"rendered":"O Firmie"},"content":{"rendered":"\n<p>Nasza firma specjalizuje si\u0119 w projektowaniu, produkcji i monta\u017cu mebli na wymiar w oparciu o indywidualne potrzeby klienta. Nasze do\u015bwiadczenie owocuje funkcjonalnymi rozwi\u0105zaniami.<\/p>\n\n\n\n<p>Dok\u0142adamy wszelkich stara\u0144, aby oferowane przez nas meble wyr\u00f3\u017cnia\u0142y si\u0119 najlepszym wzornictwem, wysokim poziomem wykonania oraz trwa\u0142o\u015bci\u0105.<\/p>\n\n\n\n<p>Celem naszym jest tworzenie mebli ergonomicznych, funkcjonalnych, pi\u0119knych i trwa\u0142ych o wysokich walorach u\u017cytkowych.<\/p>\n\n\n\n<p>Dlatego w naszych realizacjach wykorzystujemy najlepsze technologie i materia\u0142y znajduj\u0105ce si\u0119 na naszym rynku.<\/p>\n\n\n\n<p>Nasza oferta obejmuje r\u00f3wnie\u017c bezp\u0142atne doradztwo, projekt i pomiar z dojazdem do klienta.<\/p>\n","protected":false},"excerpt":{"rendered":"<p>Nasza firma specjalizuje si\u0119 w projektowaniu, produkcji i monta\u017cu mebli na wymiar w oparciu o indywidualne potrzeby klienta. Nasze do\u015bwiadczenie owocuje funkcjonalnymi rozwi\u0105zaniami. Dok\u0142adamy wszelkich stara\u0144, aby oferowane przez nas meble wyr\u00f3\u017cnia\u0142y si\u0119 najlepszym wzornictwem, wysokim poziomem wykonania oraz trwa\u0142o\u015bci\u0105. Celem naszym jest tworzenie mebli ergonomicznych, funkcjonalnych, pi\u0119knych i trwa\u0142ych o wysokich walorach u\u017cytkowych. Dlatego [&hellip;]<\/p>\n","protected":false},"author":1,"featured_media":0,"parent":0,"menu_order":0,"comment_status":"closed","ping_status":"closed","template":"","meta":[],"_links":{"self":[{"href":"https:\/\/meblekonin.com\/index.php?rest_route=\/wp\/v2\/pages\/10"}],"collection":[{"href":"https:\/\/meblekonin.com\/index.php?rest_route=\/wp\/v2\/pages"}],"about":[{"href":"https:\/\/meblekonin.com\/index.php?rest_route=\/wp\/v2\/types\/page"}],"author":[{"embeddable":true,"href":"https:\/\/meblekonin.com\/index.php?rest_route=\/wp\/v2\/users\/1"}],"replies":[{"embeddable":true,"href":"https:\/\/meblekonin.com\/index.php?rest_route=%2Fwp%2Fv2%2Fcomments&post=10"}],"version-history":[{"count":2,"href":"https:\/\/meblekonin.com\/index.php?rest_route=\/wp\/v2\/pages\/10\/revisions"}],"predecessor-version":[{"id":17,"href":"https:\/\/meblekonin.com\/index.php?rest_route=\/wp\/v2\/pages\/10\/revisions\/17"}],"wp:attachment":[{"href":"https:\/\/meblekonin.com\/index.php?rest_route=%2Fwp%2Fv2%2Fmedia&parent=10"}],"curies":[{"name":"wp","href":"https:\/\/api.w.org\/{rel}","templated":true}]}}